{"id":1267,"date":"2024-11-29T14:31:05","date_gmt":"2024-11-29T14:31:05","guid":{"rendered":"https:\/\/azimut.ohmedias.pro\/ik-ben-een-installateur\/"},"modified":"2025-03-18T10:02:31","modified_gmt":"2025-03-18T10:02:31","slug":"ik-ben-een-installateur","status":"publish","type":"page","link":"https:\/\/azimut.ohmedias.pro\/nl\/ik-ben-een-installateur\/","title":{"rendered":"Ik ben een installateur"},"content":{"rendered":"","protected":false},"excerpt":{"rendered":"","protected":false},"author":1,"featured_media":0,"parent":0,"menu_order":0,"comment_status":"closed","ping_status":"closed","template":"template-parts\/installer.php","meta":{"_acf_changed":false,"inline_featured_image":false,"footnotes":""},"class_list":["post-1267","page","type-page","status-publish","hentry"],"acf":[],"yoast_head":"<!-- This site is optimized with the Yoast SEO plugin v26.3 - https:\/\/yoast.com\/wordpress\/plugins\/seo\/ -->\n<title>Azimut - Ik ben een installateur<\/title>\n<meta name=\"description\" content=\"Ontdek waarom onze slimme batterij d\u00e9 beste keuze is om fotovolta\u00efsche installaties van uw klanten te optimaliseren. Bied hen een innovatieve, effici\u00ebnte en rendabele energieoplossing.\" \/>\n<meta name=\"robots\" content=\"noindex, follow, max-snippet:-1, max-image-preview:large, max-video-preview:-1\" \/>\n<meta property=\"og:locale\" content=\"nl_NL\" \/>\n<meta property=\"og:type\" content=\"article\" \/>\n<meta property=\"og:title\" content=\"Azimut - Ik ben een installateur\" \/>\n<meta property=\"og:description\" content=\"Ontdek waarom onze slimme batterij d\u00e9 beste keuze is om fotovolta\u00efsche installaties van uw klanten te optimaliseren. Bied hen een innovatieve, effici\u00ebnte en rendabele energieoplossing.\" \/>\n<meta property=\"og:url\" content=\"https:\/\/azimut.ohmedias.pro\/nl\/ik-ben-een-installateur\/\" \/>\n<meta property=\"og:site_name\" content=\"Azimut\" \/>\n<meta property=\"article:modified_time\" content=\"2025-03-18T10:02:31+00:00\" \/>\n<meta property=\"og:image\" content=\"https:\/\/azimut.ohmedias.pro\/wp-content\/uploads\/2024\/12\/meta_img.png\" \/>\n\t<meta property=\"og:image:width\" content=\"1200\" \/>\n\t<meta property=\"og:image:height\" content=\"675\" \/>\n\t<meta property=\"og:image:type\" content=\"image\/png\" \/>\n<meta name=\"twitter:card\" content=\"summary_large_image\" \/>\n<script type=\"application\/ld+json\" class=\"yoast-schema-graph\">{\"@context\":\"https:\/\/schema.org\",\"@graph\":[{\"@type\":\"WebPage\",\"@id\":\"https:\/\/azimut.ohmedias.pro\/nl\/ik-ben-een-installateur\/\",\"url\":\"https:\/\/azimut.ohmedias.pro\/nl\/ik-ben-een-installateur\/\",\"name\":\"Azimut - Ik ben een installateur\",\"isPartOf\":{\"@id\":\"https:\/\/azimut.ohmedias.pro\/nl\/#website\"},\"datePublished\":\"2024-11-29T14:31:05+00:00\",\"dateModified\":\"2025-03-18T10:02:31+00:00\",\"description\":\"Ontdek waarom onze slimme batterij d\u00e9 beste keuze is om fotovolta\u00efsche installaties van uw klanten te optimaliseren. Bied hen een innovatieve, effici\u00ebnte en rendabele energieoplossing.\",\"breadcrumb\":{\"@id\":\"https:\/\/azimut.ohmedias.pro\/nl\/ik-ben-een-installateur\/#breadcrumb\"},\"inLanguage\":\"nl-NL\",\"potentialAction\":[{\"@type\":\"ReadAction\",\"target\":[\"https:\/\/azimut.ohmedias.pro\/nl\/ik-ben-een-installateur\/\"]}]},{\"@type\":\"BreadcrumbList\",\"@id\":\"https:\/\/azimut.ohmedias.pro\/nl\/ik-ben-een-installateur\/#breadcrumb\",\"itemListElement\":[{\"@type\":\"ListItem\",\"position\":1,\"name\":\"Accueil\",\"item\":\"https:\/\/azimut.ohmedias.pro\/nl\/\"},{\"@type\":\"ListItem\",\"position\":2,\"name\":\"Ik ben een installateur\"}]},{\"@type\":\"WebSite\",\"@id\":\"https:\/\/azimut.ohmedias.pro\/nl\/#website\",\"url\":\"https:\/\/azimut.ohmedias.pro\/nl\/\",\"name\":\"Azimut\",\"description\":\"\",\"publisher\":{\"@id\":\"https:\/\/azimut.ohmedias.pro\/nl\/#organization\"},\"potentialAction\":[{\"@type\":\"SearchAction\",\"target\":{\"@type\":\"EntryPoint\",\"urlTemplate\":\"https:\/\/azimut.ohmedias.pro\/nl\/?s={search_term_string}\"},\"query-input\":{\"@type\":\"PropertyValueSpecification\",\"valueRequired\":true,\"valueName\":\"search_term_string\"}}],\"inLanguage\":\"nl-NL\"},{\"@type\":\"Organization\",\"@id\":\"https:\/\/azimut.ohmedias.pro\/nl\/#organization\",\"name\":\"Azimut Energy\",\"alternateName\":\"Azimut\",\"url\":\"https:\/\/azimut.ohmedias.pro\/nl\/\",\"logo\":{\"@type\":\"ImageObject\",\"inLanguage\":\"nl-NL\",\"@id\":\"https:\/\/azimut.ohmedias.pro\/nl\/#\/schema\/logo\/image\/\",\"url\":\"https:\/\/azimut.ohmedias.pro\/wp-content\/uploads\/2024\/11\/Azimut_Nouveau-logo_Positif.svg\",\"contentUrl\":\"https:\/\/azimut.ohmedias.pro\/wp-content\/uploads\/2024\/11\/Azimut_Nouveau-logo_Positif.svg\",\"width\":\"1024\",\"height\":\"1024\",\"caption\":\"Azimut Energy\"},\"image\":{\"@id\":\"https:\/\/azimut.ohmedias.pro\/nl\/#\/schema\/logo\/image\/\"}}]}<\/script>\n<!-- \/ Yoast SEO plugin. -->","yoast_head_json":{"title":"Azimut - Ik ben een installateur","description":"Ontdek waarom onze slimme batterij d\u00e9 beste keuze is om fotovolta\u00efsche installaties van uw klanten te optimaliseren. Bied hen een innovatieve, effici\u00ebnte en rendabele energieoplossing.","robots":{"index":"noindex","follow":"follow","max-snippet":"max-snippet:-1","max-image-preview":"max-image-preview:large","max-video-preview":"max-video-preview:-1"},"og_locale":"nl_NL","og_type":"article","og_title":"Azimut - Ik ben een installateur","og_description":"Ontdek waarom onze slimme batterij d\u00e9 beste keuze is om fotovolta\u00efsche installaties van uw klanten te optimaliseren. Bied hen een innovatieve, effici\u00ebnte en rendabele energieoplossing.","og_url":"https:\/\/azimut.ohmedias.pro\/nl\/ik-ben-een-installateur\/","og_site_name":"Azimut","article_modified_time":"2025-03-18T10:02:31+00:00","og_image":[{"width":1200,"height":675,"url":"https:\/\/azimut.ohmedias.pro\/wp-content\/uploads\/2024\/12\/meta_img.png","type":"image\/png"}],"twitter_card":"summary_large_image","schema":{"@context":"https:\/\/schema.org","@graph":[{"@type":"WebPage","@id":"https:\/\/azimut.ohmedias.pro\/nl\/ik-ben-een-installateur\/","url":"https:\/\/azimut.ohmedias.pro\/nl\/ik-ben-een-installateur\/","name":"Azimut - Ik ben een installateur","isPartOf":{"@id":"https:\/\/azimut.ohmedias.pro\/nl\/#website"},"datePublished":"2024-11-29T14:31:05+00:00","dateModified":"2025-03-18T10:02:31+00:00","description":"Ontdek waarom onze slimme batterij d\u00e9 beste keuze is om fotovolta\u00efsche installaties van uw klanten te optimaliseren. Bied hen een innovatieve, effici\u00ebnte en rendabele energieoplossing.","breadcrumb":{"@id":"https:\/\/azimut.ohmedias.pro\/nl\/ik-ben-een-installateur\/#breadcrumb"},"inLanguage":"nl-NL","potentialAction":[{"@type":"ReadAction","target":["https:\/\/azimut.ohmedias.pro\/nl\/ik-ben-een-installateur\/"]}]},{"@type":"BreadcrumbList","@id":"https:\/\/azimut.ohmedias.pro\/nl\/ik-ben-een-installateur\/#breadcrumb","itemListElement":[{"@type":"ListItem","position":1,"name":"Accueil","item":"https:\/\/azimut.ohmedias.pro\/nl\/"},{"@type":"ListItem","position":2,"name":"Ik ben een installateur"}]},{"@type":"WebSite","@id":"https:\/\/azimut.ohmedias.pro\/nl\/#website","url":"https:\/\/azimut.ohmedias.pro\/nl\/","name":"Azimut","description":"","publisher":{"@id":"https:\/\/azimut.ohmedias.pro\/nl\/#organization"},"potentialAction":[{"@type":"SearchAction","target":{"@type":"EntryPoint","urlTemplate":"https:\/\/azimut.ohmedias.pro\/nl\/?s={search_term_string}"},"query-input":{"@type":"PropertyValueSpecification","valueRequired":true,"valueName":"search_term_string"}}],"inLanguage":"nl-NL"},{"@type":"Organization","@id":"https:\/\/azimut.ohmedias.pro\/nl\/#organization","name":"Azimut Energy","alternateName":"Azimut","url":"https:\/\/azimut.ohmedias.pro\/nl\/","logo":{"@type":"ImageObject","inLanguage":"nl-NL","@id":"https:\/\/azimut.ohmedias.pro\/nl\/#\/schema\/logo\/image\/","url":"https:\/\/azimut.ohmedias.pro\/wp-content\/uploads\/2024\/11\/Azimut_Nouveau-logo_Positif.svg","contentUrl":"https:\/\/azimut.ohmedias.pro\/wp-content\/uploads\/2024\/11\/Azimut_Nouveau-logo_Positif.svg","width":"1024","height":"1024","caption":"Azimut Energy"},"image":{"@id":"https:\/\/azimut.ohmedias.pro\/nl\/#\/schema\/logo\/image\/"}}]}},"_links":{"self":[{"href":"https:\/\/azimut.ohmedias.pro\/nl\/wp-json\/wp\/v2\/pages\/1267","targetHints":{"allow":["GET"]}}],"collection":[{"href":"https:\/\/azimut.ohmedias.pro\/nl\/wp-json\/wp\/v2\/pages"}],"about":[{"href":"https:\/\/azimut.ohmedias.pro\/nl\/wp-json\/wp\/v2\/types\/page"}],"author":[{"embeddable":true,"href":"https:\/\/azimut.ohmedias.pro\/nl\/wp-json\/wp\/v2\/users\/1"}],"replies":[{"embeddable":true,"href":"https:\/\/azimut.ohmedias.pro\/nl\/wp-json\/wp\/v2\/comments?post=1267"}],"version-history":[{"count":2,"href":"https:\/\/azimut.ohmedias.pro\/nl\/wp-json\/wp\/v2\/pages\/1267\/revisions"}],"predecessor-version":[{"id":1411,"href":"https:\/\/azimut.ohmedias.pro\/nl\/wp-json\/wp\/v2\/pages\/1267\/revisions\/1411"}],"wp:attachment":[{"href":"https:\/\/azimut.ohmedias.pro\/nl\/wp-json\/wp\/v2\/media?parent=1267"}],"curies":[{"name":"wp","href":"https:\/\/api.w.org\/{rel}","templated":true}]}}